{"id":241683,"date":"2024-02-29T23:34:24","date_gmt":"2024-02-29T23:34:24","guid":{"rendered":"https:\/\/impresuministros.com\/?page_id=241683"},"modified":"2024-02-29T23:39:31","modified_gmt":"2024-02-29T23:39:31","slug":"toner","status":"publish","type":"page","link":"https:\/\/impresuministros.com\/index.php\/toner\/","title":{"rendered":"Toner"},"content":{"rendered":"<p>[et_pb_section fb_built=&#8221;1&#8243; admin_label=&#8221;Header&#8221; _builder_version=&#8221;4.20.0&#8243; _module_preset=&#8221;default&#8221; background_color=&#8221;gcid-1b4a3854-7b44-49f6-922e-e1ac36476373&#8243; collapsed=&#8221;on&#8221; global_colors_info=&#8221;{%22gcid-1b4a3854-7b44-49f6-922e-e1ac36476373%22:%91%22background_color%22%93}&#8221;][et_pb_row column_structure=&#8221;1_2,1_2&#8243; _builder_version=&#8221;4.20.0&#8243; _module_preset=&#8221;default&#8221; global_colors_info=&#8221;{}&#8221;][et_pb_column type=&#8221;1_2&#8243; _builder_version=&#8221;4.20.0&#8243; _module_preset=&#8221;default&#8221; global_colors_info=&#8221;{}&#8221;][et_pb_text _builder_version=&#8221;4.20.0&#8243; _module_preset=&#8221;_initial&#8221; header_font=&#8221;Space Grotesk|700|||||||&#8221; header_text_color=&#8221;#FFFFFF&#8221; header_font_size=&#8221;72px&#8221; header_line_height=&#8221;1.2em&#8221; custom_margin=&#8221;||10px||false|false&#8221; header_font_size_tablet=&#8221;40px&#8221; header_font_size_phone=&#8221;24px&#8221; header_font_size_last_edited=&#8221;on|desktop&#8221; global_colors_info=&#8221;{}&#8221;]<\/p>\n<h1>Toner<\/h1>\n<p>[\/et_pb_text][et_pb_text _builder_version=&#8221;4.20.0&#8243; _module_preset=&#8221;_initial&#8221; text_text_color=&#8221;rgba(255,255,255,0.7)&#8221; text_font_size=&#8221;16px&#8221; text_line_height=&#8221;1.8em&#8221; text_font_size_tablet=&#8221;15px&#8221; text_font_size_phone=&#8221;14px&#8221; text_font_size_last_edited=&#8221;on|desktop&#8221; global_colors_info=&#8221;{}&#8221;]<\/p>\n<p><span>Nos comprometemos a ofrecerte productos de la m\u00e1s alta calidad que garanticen un rendimiento excepcional en cada impresi\u00f3n. Contamos con una amplia gama de t\u00f3neres, tanto originales como gen\u00e9ricos, dise\u00f1ados para satisfacer tus necesidades espec\u00edficas y presupuesto. Ya sea que busques la autenticidad de los productos originales o la versatilidad y ahorro de los gen\u00e9ricos, estamos aqu\u00ed para proporcionarte soluciones confiables que aseguren resultados impecables en cada impresi\u00f3n.<\/span><\/p>\n<p>[\/et_pb_text][et_pb_button button_url=&#8221;https:\/\/wa.link\/1hn615&#8243; button_text=&#8221;Escr\u00edbenos.&#8221; _builder_version=&#8221;4.24.0&#8243; _module_preset=&#8221;_initial&#8221; custom_button=&#8221;on&#8221; button_text_size=&#8221;14px&#8221; button_text_color=&#8221;#000000&#8243; button_bg_color=&#8221;#f3f3f3&#8243; button_border_width=&#8221;0px&#8221; button_border_radius=&#8221;100px&#8221; button_letter_spacing=&#8221;0.16em&#8221; button_font=&#8221;Space Grotesk|700||on|||||&#8221; custom_padding=&#8221;18px|36px|18px|36px|true|true&#8221; hover_enabled=&#8221;0&#8243; global_colors_info=&#8221;{}&#8221; sticky_enabled=&#8221;0&#8243;][\/et_pb_button][\/et_pb_column][et_pb_column type=&#8221;1_2&#8243; _builder_version=&#8221;4.20.0&#8243; _module_preset=&#8221;default&#8221; global_colors_info=&#8221;{}&#8221;][et_pb_image src=&#8221;http:\/\/impresuministros.com\/wp-content\/uploads\/2024\/02\/hp-304a-toner-removebg-preview.png&#8221; title_text=&#8221;hp-304a-toner-removebg-preview&#8221; _builder_version=&#8221;4.24.0&#8243; _module_preset=&#8221;default&#8221; global_colors_info=&#8221;{}&#8221;][\/et_pb_image][\/et_pb_column][\/et_pb_row][\/et_pb_section][et_pb_section fb_built=&#8221;1&#8243; admin_label=&#8221;Features&#8221; _builder_version=&#8221;4.20.0&#8243; _module_preset=&#8221;default&#8221; locked=&#8221;off&#8221; collapsed=&#8221;on&#8221; global_colors_info=&#8221;{}&#8221;][et_pb_row _builder_version=&#8221;4.20.0&#8243; _module_preset=&#8221;default&#8221; max_width=&#8221;700px&#8221; global_colors_info=&#8221;{}&#8221;][et_pb_column type=&#8221;4_4&#8243; _builder_version=&#8221;4.20.0&#8243; _module_preset=&#8221;default&#8221; global_colors_info=&#8221;{}&#8221;][et_pb_text _builder_version=&#8221;4.20.0&#8243; _module_preset=&#8221;_initial&#8221; header_2_font=&#8221;Space Grotesk|700|||||||&#8221; header_2_font_size=&#8221;52px&#8221; header_2_line_height=&#8221;1.2em&#8221; text_orientation=&#8221;center&#8221; header_2_font_size_tablet=&#8221;32px&#8221; header_2_font_size_phone=&#8221;20px&#8221; header_2_font_size_last_edited=&#8221;on|desktop&#8221; global_colors_info=&#8221;{}&#8221;]<\/p>\n<h2><span>Explora nuestra amplia selecci\u00f3n de productos y servicios para impresoras, respaldados por a\u00f1os de experiencia y un enfoque centrado en la calidad y el ahorro. <\/span><\/h2>\n<p>[\/et_pb_text][\/et_pb_column][\/et_pb_row][et_pb_row _builder_version=&#8221;4.21.0&#8243; _module_preset=&#8221;default&#8221; global_colors_info=&#8221;{}&#8221;][et_pb_column type=&#8221;4_4&#8243; _builder_version=&#8221;4.20.0&#8243; _module_preset=&#8221;default&#8221; global_colors_info=&#8221;{}&#8221;][et_pb_image src=&#8221;http:\/\/impresuministros.com\/wp-content\/uploads\/2024\/02\/125BCMY-1.png&#8221; title_text=&#8221;125BCMY (1)&#8221; _builder_version=&#8221;4.24.0&#8243; _module_preset=&#8221;default&#8221; scroll_vertical_motion_enable=&#8221;on&#8221; scroll_vertical_motion=&#8221;0|50|50|100|2|0|-2&#8243; global_colors_info=&#8221;{}&#8221;][\/et_pb_image][\/et_pb_column][\/et_pb_row][et_pb_row column_structure=&#8221;1_4,1_4,1_4,1_4&#8243; use_custom_gutter=&#8221;on&#8221; gutter_width=&#8221;2&#8243; make_equal=&#8221;on&#8221; custom_padding_last_edited=&#8221;on|tablet&#8221; _builder_version=&#8221;4.24.0&#8243; _module_preset=&#8221;default&#8221; custom_padding_tablet=&#8221;||0px||false|false&#8221; custom_padding_phone=&#8221;||0px||false|false&#8221; locked=&#8221;off&#8221; global_colors_info=&#8221;{}&#8221;][et_pb_column type=&#8221;1_4&#8243; _builder_version=&#8221;4.24.0&#8243; _module_preset=&#8221;default&#8221; background_color=&#8221;RGBA(89,158,0,0.16)&#8221; custom_padding=&#8221;18%|20px|30px|20px|false|true&#8221; border_radii=&#8221;on|10px|10px|10px|10px&#8221; global_colors_info=&#8221;{%22gcid-095f3017-670a-4d45-bbf8-520034f23a92%22:%91%22background_color__hover%22,%22background_color__hover%22%93}&#8221; background__hover_enabled=&#8221;off|desktop&#8221; background_color__hover=&#8221;#cbff00&#8243; background_enable_color__hover=&#8221;on&#8221; background_image__hover=&#8221;http:\/\/impresuministros.com\/wp-content\/uploads\/2024\/02\/online-banking-3b.png&#8221; background_enable_image__hover=&#8221;on&#8221; background_size__hover=&#8221;stretch&#8221;][et_pb_icon font_icon=&#8221;&#xe103;||divi||400&#8243; icon_color=&#8221;#000000&#8243; icon_width=&#8221;32px&#8221; align=&#8221;left&#8221; _builder_version=&#8221;4.24.0&#8243; _module_preset=&#8221;default&#8221; locked=&#8221;off&#8221; global_colors_info=&#8221;{}&#8221;][\/et_pb_icon][et_pb_text _builder_version=&#8221;4.24.0&#8243; _module_preset=&#8221;_initial&#8221; header_5_font=&#8221;Space Grotesk|700|||||||&#8221; header_5_font_size=&#8221;20px&#8221; header_5_line_height=&#8221;1.4em&#8221; custom_margin=&#8221;||0px||false|false&#8221; header_5_font_size_tablet=&#8221;16px&#8221; header_5_font_size_phone=&#8221;14px&#8221; header_5_font_size_last_edited=&#8221;on|desktop&#8221; global_colors_info=&#8221;{}&#8221;]<\/p>\n<h5>Multiples referencias<\/h5>\n<p>[\/et_pb_text][et_pb_text _builder_version=&#8221;4.20.0&#8243; _module_preset=&#8221;_initial&#8221; text_text_color=&#8221;gcid-1b4a3854-7b44-49f6-922e-e1ac36476373&#8243; text_font_size=&#8221;16px&#8221; text_line_height=&#8221;1.8em&#8221; text_font_size_tablet=&#8221;15px&#8221; text_font_size_phone=&#8221;14px&#8221; text_font_size_last_edited=&#8221;on|desktop&#8221; global_colors_info=&#8221;{%22gcid-1b4a3854-7b44-49f6-922e-e1ac36476373%22:%91%22text_text_color%22%93}&#8221;]<\/p>\n<p><span> Explora nuestra amplia gama de referencias de t\u00f3ner para encontrar la opci\u00f3n perfecta que se adapte a tu impresora y presupuesto.<\/span><\/p>\n<p>[\/et_pb_text][\/et_pb_column][et_pb_column type=&#8221;1_4&#8243; _builder_version=&#8221;4.21.0&#8243; _module_preset=&#8221;default&#8221; background_color=&#8221;gcid-4f56aa54-3b36-4432-8908-d727fd88891e&#8221; custom_padding=&#8221;18%|20px|30px|20px|false|true&#8221; border_radii=&#8221;on|10px|10px|10px|10px&#8221; global_colors_info=&#8221;{%22gcid-095f3017-670a-4d45-bbf8-520034f23a92%22:%91%22background_color__hover%22,%22background_color__hover%22%93,%22gcid-4f56aa54-3b36-4432-8908-d727fd88891e%22:%91%22background_color%22%93}&#8221; background__hover_enabled=&#8221;off|desktop&#8221; background_color__hover=&#8221;#cbff00&#8243; background_enable_color__hover=&#8221;on&#8221; background_image__hover=&#8221;http:\/\/impresuministros.com\/wp-content\/uploads\/2024\/02\/online-banking-3b.png&#8221; background_enable_image__hover=&#8221;on&#8221; background_size__hover=&#8221;stretch&#8221;][et_pb_icon font_icon=&#8221;&#xf662;||fa||900&#8243; icon_color=&#8221;#000000&#8243; icon_width=&#8221;32px&#8221; align=&#8221;left&#8221; _builder_version=&#8221;4.21.0&#8243; _module_preset=&#8221;default&#8221; locked=&#8221;off&#8221; global_colors_info=&#8221;{}&#8221;][\/et_pb_icon][et_pb_text _builder_version=&#8221;4.24.0&#8243; _module_preset=&#8221;_initial&#8221; header_5_font=&#8221;Space Grotesk|700|||||||&#8221; header_5_font_size=&#8221;20px&#8221; header_5_line_height=&#8221;1.4em&#8221; custom_margin=&#8221;||0px||false|false&#8221; header_5_font_size_tablet=&#8221;16px&#8221; header_5_font_size_phone=&#8221;14px&#8221; header_5_font_size_last_edited=&#8221;on|desktop&#8221; global_colors_info=&#8221;{}&#8221;]<\/p>\n<h5>Calidad<\/h5>\n<p>[\/et_pb_text][et_pb_text _builder_version=&#8221;4.20.0&#8243; _module_preset=&#8221;_initial&#8221; text_text_color=&#8221;gcid-1b4a3854-7b44-49f6-922e-e1ac36476373&#8243; text_font_size=&#8221;16px&#8221; text_line_height=&#8221;1.8em&#8221; text_font_size_tablet=&#8221;15px&#8221; text_font_size_phone=&#8221;14px&#8221; text_font_size_last_edited=&#8221;on|desktop&#8221; global_colors_info=&#8221;{%22gcid-1b4a3854-7b44-49f6-922e-e1ac36476373%22:%91%22text_text_color%22%93}&#8221;]<\/p>\n<p><span>Calidad que se ve y se siente en cada impresi\u00f3n. Descubre nuestra selecci\u00f3n de t\u00f3ners que garantizan resultados impecables en cada p\u00e1gina.<\/span><\/p>\n<p>[\/et_pb_text][\/et_pb_column][et_pb_column type=&#8221;1_4&#8243; _builder_version=&#8221;4.21.0&#8243; _module_preset=&#8221;default&#8221; background_color=&#8221;#FFFFFF&#8221; custom_padding=&#8221;18%|20px|30px|20px|false|true&#8221; border_radii=&#8221;on|10px|10px|10px|10px&#8221; border_width_all=&#8221;2px&#8221; global_colors_info=&#8221;{%22gcid-095f3017-670a-4d45-bbf8-520034f23a92%22:%91%22background_color__hover%22,%22background_color__hover%22%93}&#8221; background__hover_enabled=&#8221;off|desktop&#8221; background_color__hover=&#8221;#cbff00&#8243; background_enable_color__hover=&#8221;on&#8221; background_image__hover=&#8221;http:\/\/impresuministros.com\/wp-content\/uploads\/2024\/02\/online-banking-3b.png&#8221; background_enable_image__hover=&#8221;on&#8221; background_size__hover=&#8221;stretch&#8221;][et_pb_icon font_icon=&#8221;&#xf51e;||fa||900&#8243; icon_color=&#8221;#000000&#8243; icon_width=&#8221;32px&#8221; align=&#8221;left&#8221; _builder_version=&#8221;4.21.0&#8243; _module_preset=&#8221;default&#8221; locked=&#8221;off&#8221; global_colors_info=&#8221;{}&#8221;][\/et_pb_icon][et_pb_text _builder_version=&#8221;4.20.0&#8243; _module_preset=&#8221;_initial&#8221; header_5_font=&#8221;Space Grotesk|700|||||||&#8221; header_5_font_size=&#8221;20px&#8221; header_5_line_height=&#8221;1.4em&#8221; custom_margin=&#8221;||0px||false|false&#8221; header_5_font_size_tablet=&#8221;16px&#8221; header_5_font_size_phone=&#8221;14px&#8221; header_5_font_size_last_edited=&#8221;on|desktop&#8221; global_colors_info=&#8221;{}&#8221;]<\/p>\n<h5>Garantia\u00a0<\/h5>\n<p>[\/et_pb_text][et_pb_text _builder_version=&#8221;4.20.0&#8243; _module_preset=&#8221;_initial&#8221; text_text_color=&#8221;gcid-1b4a3854-7b44-49f6-922e-e1ac36476373&#8243; text_font_size=&#8221;16px&#8221; text_line_height=&#8221;1.8em&#8221; text_font_size_tablet=&#8221;15px&#8221; text_font_size_phone=&#8221;14px&#8221; text_font_size_last_edited=&#8221;on|desktop&#8221; global_colors_info=&#8221;{%22gcid-1b4a3854-7b44-49f6-922e-e1ac36476373%22:%91%22text_text_color%22%93}&#8221;]<\/p>\n<p><span>Nuestra garant\u00eda: confianza en cada compra. Respaldamos cada uno de nuestros productos con una garant\u00eda de calidad para brindarte tranquilidad y satisfacci\u00f3n en cada impresi\u00f3n.<\/span><\/p>\n<p>[\/et_pb_text][\/et_pb_column][et_pb_column type=&#8221;1_4&#8243; _builder_version=&#8221;4.21.0&#8243; _module_preset=&#8221;default&#8221; background_color=&#8221;#000000&#8243; custom_padding=&#8221;18%|20px|30px|20px|false|true&#8221; custom_padding_tablet=&#8221;||30px||false|false&#8221; custom_padding_phone=&#8221;||20px||false|false&#8221; custom_padding_last_edited=&#8221;off|desktop&#8221; border_radii=&#8221;on|10px|10px|10px|10px&#8221; global_colors_info=&#8221;{%22gcid-095f3017-670a-4d45-bbf8-520034f23a92%22:%91%22background_color__hover%22%93}&#8221; background__hover_enabled=&#8221;off|desktop&#8221; background_color__hover=&#8221;#cbff00&#8243; background_enable_color__hover=&#8221;on&#8221; background_image__hover=&#8221;http:\/\/impresuministros.com\/wp-content\/uploads\/2024\/02\/online-banking-3b.png&#8221; background_enable_image__hover=&#8221;on&#8221; background_size__hover=&#8221;stretch&#8221;][et_pb_icon font_icon=&#8221;&#xf651;||fa||900&#8243; icon_color=&#8221;#CBFF00&#8243; icon_width=&#8221;32px&#8221; align=&#8221;left&#8221; _builder_version=&#8221;4.21.0&#8243; _module_preset=&#8221;default&#8221; locked=&#8221;off&#8221; global_colors_info=&#8221;{}&#8221;][\/et_pb_icon][et_pb_text _builder_version=&#8221;4.24.0&#8243; _module_preset=&#8221;_initial&#8221; header_5_font=&#8221;Space Grotesk|700|||||||&#8221; header_5_text_color=&#8221;#FFFFFF&#8221; header_5_font_size=&#8221;20px&#8221; header_5_line_height=&#8221;1.4em&#8221; custom_margin=&#8221;||0px||false|false&#8221; header_5_font_size_tablet=&#8221;16px&#8221; header_5_font_size_phone=&#8221;14px&#8221; header_5_font_size_last_edited=&#8221;on|desktop&#8221; global_colors_info=&#8221;{}&#8221;]<\/p>\n<h5>Ahorro<\/h5>\n<p>[\/et_pb_text][et_pb_text _builder_version=&#8221;4.21.0&#8243; _module_preset=&#8221;_initial&#8221; text_text_color=&#8221;#FFFFFF&#8221; text_font_size=&#8221;16px&#8221; text_line_height=&#8221;1.8em&#8221; text_font_size_tablet=&#8221;15px&#8221; text_font_size_phone=&#8221;14px&#8221; text_font_size_last_edited=&#8221;on|desktop&#8221; global_colors_info=&#8221;{}&#8221;]<\/p>\n<p><span>\u00a1Ahorra sin sacrificar calidad! Descubre nuestras opciones de t\u00f3ner y cartuchos que te ofrecen rendimiento excepcional a precios competitivos.<\/span><\/p>\n<p>[\/et_pb_text][\/et_pb_column][\/et_pb_row][\/et_pb_section][et_pb_section fb_built=&#8221;1&#8243; admin_label=&#8221;Call to Action&#8221; _builder_version=&#8221;4.24.0&#8243; _module_preset=&#8221;default&#8221; background_color=&#8221;gcid-095f3017-670a-4d45-bbf8-520034f23a92&#8243; custom_margin=&#8221;||-83px|||&#8221; custom_padding=&#8221;5vw||5vw||true|false&#8221; collapsed=&#8221;on&#8221; global_colors_info=&#8221;{%22gcid-095f3017-670a-4d45-bbf8-520034f23a92%22:%91%22background_color%22%93}&#8221;][et_pb_row _builder_version=&#8221;4.24.0&#8243; _module_preset=&#8221;default&#8221; locked=&#8221;off&#8221; global_colors_info=&#8221;{}&#8221;][et_pb_column type=&#8221;4_4&#8243; _builder_version=&#8221;4.20.0&#8243; _module_preset=&#8221;default&#8221; global_colors_info=&#8221;{}&#8221;][et_pb_text _builder_version=&#8221;4.20.0&#8243; _module_preset=&#8221;_initial&#8221; header_2_font=&#8221;Space Grotesk|700|||||||&#8221; header_2_font_size=&#8221;52px&#8221; header_2_line_height=&#8221;1.2em&#8221; text_orientation=&#8221;center&#8221; header_2_font_size_tablet=&#8221;32px&#8221; header_2_font_size_phone=&#8221;20px&#8221; header_2_font_size_last_edited=&#8221;on|desktop&#8221; global_colors_info=&#8221;{}&#8221;]<\/p>\n<h2>\u00bfAlguna duda?<\/h2>\n<p>[\/et_pb_text][et_pb_button button_text=&#8221;Cont\u00e1ctanos  &#8221; button_alignment=&#8221;center&#8221; _builder_version=&#8221;4.24.0&#8243; _module_preset=&#8221;_initial&#8221; custom_button=&#8221;on&#8221; button_text_size=&#8221;14px&#8221; button_text_color=&#8221;#FFFFFF&#8221; button_bg_color=&#8221;#000000&#8243; button_border_width=&#8221;0px&#8221; button_border_radius=&#8221;100px&#8221; button_letter_spacing=&#8221;0.16em&#8221; button_font=&#8221;Space Grotesk|700||on|||||&#8221; custom_padding=&#8221;18px|36px|18px|36px|true|true&#8221; hover_enabled=&#8221;0&#8243; global_colors_info=&#8221;{}&#8221; button_url=&#8221;https:\/\/wa.link\/1hn615&#8243; sticky_enabled=&#8221;0&#8243;][\/et_pb_button][\/et_pb_column][\/et_pb_row][\/et_pb_section]<\/p>\n","protected":false},"excerpt":{"rendered":"<p>TonerNos comprometemos a ofrecerte productos de la m\u00e1s alta calidad que garanticen un rendimiento excepcional en cada impresi\u00f3n. Contamos con una amplia gama de t\u00f3neres, tanto originales como gen\u00e9ricos, dise\u00f1ados para satisfacer tus necesidades espec\u00edficas y presupuesto. Ya sea que busques la autenticidad de los productos originales o la versatilidad y ahorro de los gen\u00e9ricos, [&hellip;]<\/p>\n","protected":false},"author":1,"featured_media":0,"parent":0,"menu_order":0,"comment_status":"closed","ping_status":"closed","template":"","meta":{"_et_pb_use_builder":"on","_et_pb_old_content":"","_et_gb_content_width":"","om_disable_all_campaigns":false,"_monsterinsights_skip_tracking":false,"_monsterinsights_sitenote_active":false,"_monsterinsights_sitenote_note":"","_monsterinsights_sitenote_category":0,"footnotes":"","_joinchat":[]},"aioseo_notices":[],"_links":{"self":[{"href":"https:\/\/impresuministros.com\/index.php\/wp-json\/wp\/v2\/pages\/241683"}],"collection":[{"href":"https:\/\/impresuministros.com\/index.php\/wp-json\/wp\/v2\/pages"}],"about":[{"href":"https:\/\/impresuministros.com\/index.php\/wp-json\/wp\/v2\/types\/page"}],"author":[{"embeddable":true,"href":"https:\/\/impresuministros.com\/index.php\/wp-json\/wp\/v2\/users\/1"}],"replies":[{"embeddable":true,"href":"https:\/\/impresuministros.com\/index.php\/wp-json\/wp\/v2\/comments?post=241683"}],"version-history":[{"count":5,"href":"https:\/\/impresuministros.com\/index.php\/wp-json\/wp\/v2\/pages\/241683\/revisions"}],"predecessor-version":[{"id":241695,"href":"https:\/\/impresuministros.com\/index.php\/wp-json\/wp\/v2\/pages\/241683\/revisions\/241695"}],"wp:attachment":[{"href":"https:\/\/impresuministros.com\/index.php\/wp-json\/wp\/v2\/media?parent=241683"}],"curies":[{"name":"wp","href":"https:\/\/api.w.org\/{rel}","templated":true}]}}