{"id":241591,"date":"2024-02-02T19:24:39","date_gmt":"2024-02-02T19:24:39","guid":{"rendered":"https:\/\/impresuministros.com\/?page_id=241591"},"modified":"2024-03-01T01:09:03","modified_gmt":"2024-03-01T01:09:03","slug":"241591-2","status":"publish","type":"page","link":"https:\/\/impresuministros.com\/","title":{"rendered":"Inicio"},"content":{"rendered":"<p>[et_pb_section fb_built=&#8221;1&#8243; disabled_on=&#8221;on|off|off&#8221; _builder_version=&#8221;4.24.0&#8243; _module_preset=&#8221;default&#8221; custom_padding=&#8221;0px||0px||false|false&#8221; global_colors_info=&#8221;{}&#8221;][et_pb_row _builder_version=&#8221;4.24.0&#8243; _module_preset=&#8221;default&#8221; width=&#8221;100%&#8221; max_width=&#8221;2560px&#8221; custom_padding=&#8221;0px||0px||false|false&#8221; global_colors_info=&#8221;{}&#8221;][et_pb_column type=&#8221;4_4&#8243; _builder_version=&#8221;4.24.0&#8243; _module_preset=&#8221;default&#8221; global_colors_info=&#8221;{}&#8221;][et_pb_slider admin_label=&#8221;Slider&#8221; _builder_version=&#8221;4.24.0&#8243; _module_preset=&#8221;default&#8221; auto=&#8221;on&#8221; auto_speed=&#8221;5000&#8243; auto_ignore_hover=&#8221;on&#8221; hover_enabled=&#8221;0&#8243; global_colors_info=&#8221;{}&#8221; sticky_enabled=&#8221;0&#8243;][et_pb_slide use_bg_overlay=&#8221;off&#8221; _builder_version=&#8221;4.24.0&#8243; _module_preset=&#8221;default&#8221; background_color=&#8221;RGBA(255,255,255,0)&#8221; background_enable_color=&#8221;on&#8221; background_image=&#8221;http:\/\/impresuministros.com\/wp-content\/uploads\/2024\/02\/slider1-4.jpg&#8221; background_enable_image=&#8221;on&#8221; background_size=&#8221;contain&#8221; link_option_url=&#8221;https:\/\/wa.link\/1hn615&#8243; global_colors_info=&#8221;{}&#8221; sticky_transition=&#8221;on&#8221;][\/et_pb_slide][et_pb_slide heading=&#8221;Toner&#8221; button_text=&#8221;Ir a la informaci\u00f3n&#8221; button_link=&#8221;https:\/\/impresuministros.com\/index.php\/toner\/&#8221; _builder_version=&#8221;4.24.0&#8243; _module_preset=&#8221;default&#8221; header_font=&#8221;Mingzat||||||||&#8221; header_text_align=&#8221;center&#8221; header_text_color=&#8221;#0C71C3&#8243; header_font_size=&#8221;56px&#8221; header_letter_spacing=&#8221;1px&#8221; body_line_height=&#8221;1em&#8221; background_color=&#8221;RGBA(255,255,255,0)&#8221; background_enable_color=&#8221;on&#8221; background_image=&#8221;http:\/\/impresuministros.com\/wp-content\/uploads\/2024\/02\/slider2-2.jpg&#8221; background_enable_image=&#8221;on&#8221; background_size=&#8221;contain&#8221; custom_button=&#8221;on&#8221; button_text_size=&#8221;16px&#8221; button_text_color=&#8221;#FFFFFF&#8221; button_bg_color=&#8221;#0C71C3&#8243; button_border_color=&#8221;RGBA(255,255,255,0)&#8221; button_border_radius=&#8221;39px&#8221; text_orientation=&#8221;center&#8221; background_layout=&#8221;light&#8221; width=&#8221;100%&#8221; custom_padding=&#8221;||||false|false&#8221; global_colors_info=&#8221;{}&#8221; sticky_transition=&#8221;on&#8221;][\/et_pb_slide][et_pb_slide heading=&#8221;Cartuchos&#8221; button_text=&#8221;Ir a la informaci\u00f3n&#8221; button_link=&#8221;https:\/\/impresuministros.com\/index.php\/cartuchos\/&#8221; _builder_version=&#8221;4.24.0&#8243; _module_preset=&#8221;default&#8221; header_font=&#8221;Mingzat||||||||&#8221; header_text_align=&#8221;center&#8221; header_text_color=&#8221;#0C71C3&#8243; header_font_size=&#8221;56px&#8221; header_letter_spacing=&#8221;1px&#8221; body_line_height=&#8221;1em&#8221; background_color=&#8221;RGBA(255,255,255,0)&#8221; background_enable_color=&#8221;on&#8221; background_image=&#8221;http:\/\/impresuministros.com\/wp-content\/uploads\/2024\/02\/slider3.jpg&#8221; background_enable_image=&#8221;on&#8221; background_size=&#8221;contain&#8221; custom_button=&#8221;on&#8221; button_text_size=&#8221;16px&#8221; button_text_color=&#8221;#FFFFFF&#8221; button_bg_color=&#8221;#0C71C3&#8243; button_border_color=&#8221;RGBA(255,255,255,0)&#8221; button_border_radius=&#8221;39px&#8221; text_orientation=&#8221;center&#8221; background_layout=&#8221;light&#8221; width=&#8221;100%&#8221; custom_padding=&#8221;||||false|false&#8221; global_colors_info=&#8221;{}&#8221; sticky_transition=&#8221;on&#8221;][\/et_pb_slide][et_pb_slide button_text=&#8221;Ir a la informaci\u00f3n&#8221; _builder_version=&#8221;4.24.0&#8243; _module_preset=&#8221;default&#8221; header_font=&#8221;Mingzat||||||||&#8221; header_text_align=&#8221;right&#8221; header_text_color=&#8221;#0C71C3&#8243; header_font_size=&#8221;56px&#8221; header_letter_spacing=&#8221;1px&#8221; body_font=&#8221;Mingzat|700|||||||&#8221; body_text_align=&#8221;right&#8221; body_text_color=&#8221;#0C71C3&#8243; body_font_size=&#8221;43px&#8221; body_line_height=&#8221;1em&#8221; background_color=&#8221;RGBA(255,255,255,0)&#8221; background_enable_color=&#8221;on&#8221; background_image=&#8221;http:\/\/impresuministros.com\/wp-content\/uploads\/2024\/02\/slider3-1.jpg&#8221; background_enable_image=&#8221;on&#8221; background_size=&#8221;contain&#8221; custom_button=&#8221;on&#8221; button_text_size=&#8221;16px&#8221; button_text_color=&#8221;#FFFFFF&#8221; button_bg_color=&#8221;#0C71C3&#8243; button_border_color=&#8221;RGBA(255,255,255,0)&#8221; button_border_radius=&#8221;39px&#8221; button_alignment=&#8221;right&#8221; text_orientation=&#8221;center&#8221; background_layout=&#8221;light&#8221; width=&#8221;100%&#8221; custom_padding=&#8221;|0px||334px|false|false&#8221; hover_enabled=&#8221;0&#8243; global_colors_info=&#8221;{}&#8221; sticky_transition=&#8221;on&#8221; sticky_enabled=&#8221;0&#8243; button_link=&#8221;https:\/\/impresuministros.com\/index.php\/recarga\/&#8221;]<\/p>\n<p>Servicio de recarga<\/p>\n<p>[\/et_pb_slide][\/et_pb_slider][\/et_pb_column][\/et_pb_row][\/et_pb_section][et_pb_section fb_built=&#8221;1&#8243; disabled_on=&#8221;off|on|on&#8221; _builder_version=&#8221;4.24.0&#8243; _module_preset=&#8221;default&#8221; custom_padding=&#8221;0px||0px||false|false&#8221; locked=&#8221;off&#8221; global_colors_info=&#8221;{}&#8221;][et_pb_row _builder_version=&#8221;4.24.0&#8243; _module_preset=&#8221;default&#8221; width=&#8221;100%&#8221; max_width=&#8221;2560px&#8221; custom_padding=&#8221;0px||0px||false|false&#8221; global_colors_info=&#8221;{}&#8221;][et_pb_column type=&#8221;4_4&#8243; _builder_version=&#8221;4.24.0&#8243; _module_preset=&#8221;default&#8221; global_colors_info=&#8221;{}&#8221;][et_pb_slider admin_label=&#8221;Slider&#8221; _builder_version=&#8221;4.24.0&#8243; _module_preset=&#8221;default&#8221; custom_margin_tablet=&#8221;&#8221; custom_margin_phone=&#8221;&#8221; custom_margin_last_edited=&#8221;on|phone&#8221; hover_enabled=&#8221;0&#8243; global_colors_info=&#8221;{}&#8221; sticky_enabled=&#8221;0&#8243;][et_pb_slide use_bg_overlay=&#8221;off&#8221; _builder_version=&#8221;4.24.0&#8243; _module_preset=&#8221;default&#8221; background_color=&#8221;RGBA(255,255,255,0)&#8221; background_enable_color=&#8221;on&#8221; background_image=&#8221;http:\/\/impresuministros.com\/wp-content\/uploads\/2024\/02\/slider1-4.jpg&#8221; background_enable_image=&#8221;on&#8221; background_size=&#8221;contain&#8221; link_option_url=&#8221;https:\/\/wa.link\/1hn615&#8243; global_colors_info=&#8221;{}&#8221; sticky_transition=&#8221;on&#8221;][\/et_pb_slide][et_pb_slide heading=&#8221;Toner&#8221; button_text=&#8221;Ir a la informaci\u00f3n&#8221; button_link=&#8221;https:\/\/impresuministros.com\/index.php\/toner\/&#8221; _builder_version=&#8221;4.24.0&#8243; _module_preset=&#8221;default&#8221; header_font=&#8221;Mingzat||||||||&#8221; header_text_align=&#8221;center&#8221; header_text_color=&#8221;#0C71C3&#8243; header_font_size=&#8221;6px&#8221; header_letter_spacing=&#8221;1px&#8221; body_line_height=&#8221;1em&#8221; background_color=&#8221;RGBA(255,255,255,0)&#8221; background_enable_color=&#8221;on&#8221; background_image=&#8221;http:\/\/impresuministros.com\/wp-content\/uploads\/2024\/02\/slider2-2.jpg&#8221; background_enable_image=&#8221;on&#8221; background_size=&#8221;contain&#8221; custom_button=&#8221;on&#8221; button_text_size=&#8221;10px&#8221; button_text_color=&#8221;#FFFFFF&#8221; button_bg_color=&#8221;#0C71C3&#8243; button_border_color=&#8221;RGBA(255,255,255,0)&#8221; button_border_radius=&#8221;39px&#8221; text_orientation=&#8221;center&#8221; background_layout=&#8221;light&#8221; width=&#8221;100%&#8221; custom_padding=&#8221;||||false|false&#8221; header_font_size_tablet=&#8221;6px&#8221; header_font_size_phone=&#8221;28px&#8221; header_font_size_last_edited=&#8221;on|phone&#8221; global_colors_info=&#8221;{}&#8221; sticky_transition=&#8221;on&#8221;][\/et_pb_slide][et_pb_slide heading=&#8221;Cartuchos&#8221; button_text=&#8221;Ir a la informaci\u00f3n&#8221; button_link=&#8221;https:\/\/impresuministros.com\/index.php\/cartuchos\/&#8221; _builder_version=&#8221;4.24.0&#8243; _module_preset=&#8221;default&#8221; header_font=&#8221;Mingzat||||||||&#8221; header_text_align=&#8221;center&#8221; header_text_color=&#8221;#0C71C3&#8243; header_font_size=&#8221;35px&#8221; header_letter_spacing=&#8221;1px&#8221; body_line_height=&#8221;1em&#8221; background_color=&#8221;RGBA(255,255,255,0)&#8221; background_enable_color=&#8221;on&#8221; background_image=&#8221;http:\/\/impresuministros.com\/wp-content\/uploads\/2024\/02\/slider3.jpg&#8221; background_enable_image=&#8221;on&#8221; background_size=&#8221;contain&#8221; custom_button=&#8221;on&#8221; button_text_size=&#8221;9px&#8221; button_text_color=&#8221;#FFFFFF&#8221; button_bg_color=&#8221;#0C71C3&#8243; button_border_color=&#8221;RGBA(255,255,255,0)&#8221; button_border_radius=&#8221;39px&#8221; text_orientation=&#8221;center&#8221; background_layout=&#8221;light&#8221; width=&#8221;100%&#8221; custom_padding=&#8221;||||false|false&#8221; header_font_size_tablet=&#8221;35px&#8221; header_font_size_phone=&#8221;24px&#8221; header_font_size_last_edited=&#8221;on|phone&#8221; global_colors_info=&#8221;{}&#8221; sticky_transition=&#8221;on&#8221;][\/et_pb_slide][et_pb_slide button_text=&#8221;Ir a la informaci\u00f3n&#8221; _builder_version=&#8221;4.24.0&#8243; _module_preset=&#8221;default&#8221; header_font=&#8221;Mingzat||||||||&#8221; header_text_align=&#8221;right&#8221; header_text_color=&#8221;#0C71C3&#8243; header_font_size=&#8221;56px&#8221; header_letter_spacing=&#8221;1px&#8221; body_font=&#8221;Mingzat|700|||||||&#8221; body_text_align=&#8221;right&#8221; body_text_color=&#8221;#0C71C3&#8243; body_font_size=&#8221;35px&#8221; body_line_height=&#8221;1em&#8221; background_color=&#8221;RGBA(255,255,255,0)&#8221; background_enable_color=&#8221;on&#8221; background_image=&#8221;http:\/\/impresuministros.com\/wp-content\/uploads\/2024\/02\/slider3-1.jpg&#8221; background_enable_image=&#8221;on&#8221; background_size=&#8221;contain&#8221; custom_button=&#8221;on&#8221; button_text_size=&#8221;9px&#8221; button_text_color=&#8221;#FFFFFF&#8221; button_bg_color=&#8221;#0C71C3&#8243; button_border_color=&#8221;RGBA(255,255,255,0)&#8221; button_border_radius=&#8221;39px&#8221; button_alignment=&#8221;right&#8221; transform_scale_tablet=&#8221;&#8221; transform_scale_phone=&#8221;&#8221; transform_scale_last_edited=&#8221;on|phone&#8221; transform_translate=&#8221;-4px|0px&#8221; transform_translate_tablet=&#8221;-4px|0px&#8221; transform_translate_phone=&#8221;0px|0px&#8221; transform_translate_last_edited=&#8221;on|phone&#8221; transform_translate_linked=&#8221;off&#8221; transform_rotate_tablet=&#8221;&#8221; transform_rotate_phone=&#8221;&#8221; transform_rotate_last_edited=&#8221;on|phone&#8221; transform_skew_tablet=&#8221;&#8221; transform_skew_phone=&#8221;&#8221; transform_skew_last_edited=&#8221;on|phone&#8221; transform_origin_tablet=&#8221;&#8221; transform_origin_phone=&#8221;&#8221; transform_origin_last_edited=&#8221;on|phone&#8221; transform_styles_last_edited=&#8221;on|phone&#8221; text_orientation=&#8221;center&#8221; background_layout=&#8221;light&#8221; width=&#8221;100%&#8221; max_width=&#8221;100%&#8221; custom_padding=&#8221;||||false|false&#8221; custom_padding_tablet=&#8221;||||false|false&#8221; custom_padding_phone=&#8221;|0px||282px|false|false&#8221; custom_padding_last_edited=&#8221;on|phone&#8221; hover_enabled=&#8221;0&#8243; body_font_size_tablet=&#8221;35px&#8221; body_font_size_phone=&#8221;22px&#8221; body_font_size_last_edited=&#8221;on|phone&#8221; transform_styles_tablet=&#8221;&#8221; transform_styles_phone=&#8221;&#8221; global_colors_info=&#8221;{}&#8221; sticky_transition=&#8221;on&#8221; button_link=&#8221;https:\/\/impresuministros.com\/index.php\/recarga\/&#8221; sticky_enabled=&#8221;0&#8243;]<\/p>\n<p>Servicio de recarga<\/p>\n<p>[\/et_pb_slide][\/et_pb_slider][\/et_pb_column][\/et_pb_row][\/et_pb_section][et_pb_section fb_built=&#8221;1&#8243; fullwidth=&#8221;on&#8221; _builder_version=&#8221;4.24.0&#8243; _module_preset=&#8221;default&#8221; global_colors_info=&#8221;{}&#8221;][et_pb_fullwidth_image src=&#8221;http:\/\/impresuministros.com\/wp-content\/uploads\/2024\/02\/sLIDER4-1-scaled.jpg&#8221; title_text=&#8221;sLIDER4&#8243; url=&#8221;https:\/\/wa.link\/1hn615&#8243; _builder_version=&#8221;4.24.0&#8243; _module_preset=&#8221;default&#8221; global_colors_info=&#8221;{}&#8221;][\/et_pb_fullwidth_image][\/et_pb_section][et_pb_section fb_built=&#8221;1&#8243; _builder_version=&#8221;4.24.0&#8243; _module_preset=&#8221;default&#8221; global_colors_info=&#8221;{}&#8221;][et_pb_row column_structure=&#8221;1_3,1_3,1_3&#8243; _builder_version=&#8221;4.24.0&#8243; _module_preset=&#8221;default&#8221; width=&#8221;100%&#8221; max_width=&#8221;1300px&#8221; custom_margin=&#8221;||||false|false&#8221; custom_padding=&#8221;||||false|false&#8221; global_colors_info=&#8221;{}&#8221;][et_pb_column type=&#8221;1_3&#8243; _builder_version=&#8221;4.24.0&#8243; _module_preset=&#8221;default&#8221; global_colors_info=&#8221;{}&#8221;][et_pb_cta title=&#8221;T\u00f3ner&#8221; button_url=&#8221;https:\/\/impresuministros.com\/index.php\/toner\/&#8221; button_text=&#8221;Ver los productos&#8221; _builder_version=&#8221;4.24.0&#8243; _module_preset=&#8221;default&#8221; background_color=&#8221;rgba(214,214,214,0.24)&#8221; background_image=&#8221;http:\/\/impresuministros.com\/wp-content\/uploads\/2024\/02\/gsc_119522689_2374102_1-removebg-preview.png&#8221; background_size=&#8221;custom&#8221; background_image_width=&#8221;56%&#8221; background_position=&#8221;bottom_right&#8221; custom_button=&#8221;on&#8221; button_text_size=&#8221;11px&#8221; button_text_color=&#8221;#8e8e8e&#8221; button_border_radius=&#8221;45px&#8221; button_alignment=&#8221;left&#8221; text_orientation=&#8221;left&#8221; background_layout=&#8221;light&#8221; width=&#8221;100%&#8221; max_width=&#8221;100%&#8221; min_height=&#8221;366px&#8221; height=&#8221;100px&#8221; max_height=&#8221;100px&#8221; global_colors_info=&#8221;{}&#8221;]<\/p>\n<p><span>Optimiza tus impresiones con nuestros toners de alta calidad. Calidad y rendimiento excepcionales en cada p\u00e1gina.<\/span><\/p>\n<p>[\/et_pb_cta][et_pb_image src=&#8221;http:\/\/impresuministros.com\/wp-content\/uploads\/2024\/02\/comrpas.jpg&#8221; title_text=&#8221;comrpas&#8221; force_fullwidth=&#8221;on&#8221; _builder_version=&#8221;4.24.0&#8243; _module_preset=&#8221;default&#8221; global_colors_info=&#8221;{}&#8221;][\/et_pb_image][\/et_pb_column][et_pb_column type=&#8221;1_3&#8243; _builder_version=&#8221;4.24.0&#8243; _module_preset=&#8221;default&#8221; global_colors_info=&#8221;{}&#8221;][et_pb_cta title=&#8221;Cartuchos&#8221; button_url=&#8221;https:\/\/impresuministros.com\/index.php\/cartuchos\/&#8221; button_text=&#8221;Ver los productos&#8221; _builder_version=&#8221;4.24.0&#8243; _module_preset=&#8221;default&#8221; background_color=&#8221;rgba(12,113,195,0.06)&#8221; background_image=&#8221;http:\/\/impresuministros.com\/wp-content\/uploads\/2024\/02\/gsc_119537114_2383183_1-removebg-preview.png&#8221; background_size=&#8221;custom&#8221; background_image_width=&#8221;64%&#8221; background_position=&#8221;bottom_right&#8221; background_horizontal_offset=&#8221;3%&#8221; background_vertical_offset=&#8221;-35%&#8221; custom_button=&#8221;on&#8221; button_text_size=&#8221;11px&#8221; button_text_color=&#8221;#8e8e8e&#8221; button_border_radius=&#8221;45px&#8221; button_alignment=&#8221;left&#8221; text_orientation=&#8221;left&#8221; background_layout=&#8221;light&#8221; width=&#8221;100%&#8221; max_width=&#8221;100%&#8221; min_height=&#8221;366px&#8221; height=&#8221;100px&#8221; max_height=&#8221;100px&#8221; locked=&#8221;off&#8221; global_colors_info=&#8221;{}&#8221;]<\/p>\n<p><span>Potencia tu impresi\u00f3n con nuestros cartuchos de tinta premium. Calidad y nitidez en cada p\u00e1gina, siempre.<\/span><\/p>\n<p>[\/et_pb_cta][et_pb_image src=&#8221;http:\/\/impresuministros.com\/wp-content\/uploads\/2024\/02\/envio-1.jpg&#8221; title_text=&#8221;envio&#8221; force_fullwidth=&#8221;on&#8221; _builder_version=&#8221;4.24.0&#8243; _module_preset=&#8221;default&#8221; global_colors_info=&#8221;{}&#8221;][\/et_pb_image][\/et_pb_column][et_pb_column type=&#8221;1_3&#8243; _builder_version=&#8221;4.24.0&#8243; _module_preset=&#8221;default&#8221; global_colors_info=&#8221;{}&#8221;][et_pb_cta title=&#8221;Servicio de recarga &#8221; button_url=&#8221;https:\/\/impresuministros.com\/index.php\/recarga\/&#8221; button_text=&#8221;Ver los productos&#8221; _builder_version=&#8221;4.24.0&#8243; _module_preset=&#8221;default&#8221; background_color=&#8221;rgba(124,218,36,0.09)&#8221; background_image=&#8221;http:\/\/impresuministros.com\/wp-content\/uploads\/2024\/02\/cartuchos-de-tinta-OEM-cartuchos-compatibles-y-cartuchos-reciclados-removebg-preview.png&#8221; background_size=&#8221;custom&#8221; background_image_width=&#8221;88%&#8221; background_position=&#8221;bottom_right&#8221; background_vertical_offset=&#8221;7%&#8221; custom_button=&#8221;on&#8221; button_text_size=&#8221;11px&#8221; button_text_color=&#8221;#8e8e8e&#8221; button_border_radius=&#8221;45px&#8221; button_alignment=&#8221;left&#8221; text_orientation=&#8221;left&#8221; background_layout=&#8221;light&#8221; width=&#8221;100%&#8221; max_width=&#8221;100%&#8221; min_height=&#8221;366px&#8221; height=&#8221;100px&#8221; max_height=&#8221;100px&#8221; hover_enabled=&#8221;0&#8243; locked=&#8221;off&#8221; global_colors_info=&#8221;{}&#8221; sticky_enabled=&#8221;0&#8243;]<\/p>\n<p><span>Revive tus impresiones con nuestro servicio de recarga de cartuchos y toner. M\u00e1s econ\u00f3mico, m\u00e1s sostenible, siempre de alta calidad.<\/span><\/p>\n<p>[\/et_pb_cta][et_pb_image src=&#8221;http:\/\/impresuministros.com\/wp-content\/uploads\/2024\/02\/pago.jpg&#8221; title_text=&#8221;pago&#8221; force_fullwidth=&#8221;on&#8221; _builder_version=&#8221;4.24.0&#8243; _module_preset=&#8221;default&#8221; global_colors_info=&#8221;{}&#8221;][\/et_pb_image][\/et_pb_column][\/et_pb_row][\/et_pb_section]<\/p>\n","protected":false},"excerpt":{"rendered":"<p>Servicio de recargaServicio de recargaOptimiza tus impresiones con nuestros toners de alta calidad. Calidad y rendimiento excepcionales en cada p\u00e1gina.Potencia tu impresi\u00f3n con nuestros cartuchos de tinta premium. Calidad y nitidez en cada p\u00e1gina, siempre.Revive tus impresiones con nuestro servicio de recarga de cartuchos y toner. M\u00e1s econ\u00f3mico, m\u00e1s sostenible, siempre de alta calidad.<\/p>\n","protected":false},"author":1,"featured_media":0,"parent":0,"menu_order":0,"comment_status":"closed","ping_status":"closed","template":"","meta":{"_et_pb_use_builder":"on","_et_pb_old_content":"","_et_gb_content_width":"","om_disable_all_campaigns":false,"_monsterinsights_skip_tracking":false,"_monsterinsights_sitenote_active":false,"_monsterinsights_sitenote_note":"","_monsterinsights_sitenote_category":0,"footnotes":"","_joinchat":[]},"aioseo_notices":[],"_links":{"self":[{"href":"https:\/\/impresuministros.com\/index.php\/wp-json\/wp\/v2\/pages\/241591"}],"collection":[{"href":"https:\/\/impresuministros.com\/index.php\/wp-json\/wp\/v2\/pages"}],"about":[{"href":"https:\/\/impresuministros.com\/index.php\/wp-json\/wp\/v2\/types\/page"}],"author":[{"embeddable":true,"href":"https:\/\/impresuministros.com\/index.php\/wp-json\/wp\/v2\/users\/1"}],"replies":[{"embeddable":true,"href":"https:\/\/impresuministros.com\/index.php\/wp-json\/wp\/v2\/comments?post=241591"}],"version-history":[{"count":40,"href":"https:\/\/impresuministros.com\/index.php\/wp-json\/wp\/v2\/pages\/241591\/revisions"}],"predecessor-version":[{"id":241728,"href":"https:\/\/impresuministros.com\/index.php\/wp-json\/wp\/v2\/pages\/241591\/revisions\/241728"}],"wp:attachment":[{"href":"https:\/\/impresuministros.com\/index.php\/wp-json\/wp\/v2\/media?parent=241591"}],"curies":[{"name":"wp","href":"https:\/\/api.w.org\/{rel}","templated":true}]}}